{"id":2636,"date":"2025-11-10T16:45:39","date_gmt":"2025-11-10T15:45:39","guid":{"rendered":"https:\/\/drukujemy3d.pl\/sklep\/?post_type=product&#038;p=2636"},"modified":"2026-04-01T10:37:18","modified_gmt":"2026-04-01T08:37:18","slug":"dedykowana-ramka-adapter-do-obudowy-podwodnej-seatouch-4-max-plus","status":"publish","type":"product","link":"https:\/\/drukujemy3d.pl\/sklep\/produkt\/divevolk\/dedykowana-ramka-adapter-do-obudowy-podwodnej-seatouch-4-max-plus\/","title":{"rendered":"Dedykowana Ramka \/ Adapter do Obudowy Podwodnej SeaTouch 4 Max Plus"},"content":{"rendered":"<p>Dedykowana ramka adaptera niezb\u0119dna do prawid\u0142owego zamocowania Twojego smartfona w obudowie podwodnej SeaTouch 4 Max Plus.<\/p>\n<p><span style=\"color: #ff0000;\"><b>WA\u017bNE: Podaj Model Telefonu!<\/b><\/span><\/p>\n<p>Posiadamy ramki do wyboru dla dziesi\u0105tek modeli telefon\u00f3w.<\/p>\n<p><b>Prosimy, wpisz dok\u0142adny model swojego smartfona<\/b> (np. &#8220;iPhone 14 Pro Max&#8221;) w polu <b>&#8220;<span style=\"color: #ff0000;\">Uwagi do zam\u00f3wienia<\/span>&#8220;<\/b> podczas sk\u0142adania zam\u00f3wienia.<\/p>\n<p>Lista telefon\u00f3w do kt\u00f3rych mo\u017cemy wydrukowa\u0107 ramk\u0119 poni\u017cej przed zam\u00f3wieniem sprawd\u017a czy Tw\u00f3j telefon znajduje si\u0119 na tej li\u015bcie.<\/p>\n<p>IPHONE<br \/>\niPhone 11, iPhone 11 Pro, iPhone 11 Pro Max, iPhone 12, iPhone 12 Pro, iPhone 12 Pro Max, iPhone 12 mini, iPhone 13, iPhone 13 Pro, iPhone 13 Pro Max, iPhone 13 mini, iPhone 14, iPhone 14 Plus, iPhone 14 Pro, iPhone 14 Pro Max, iPhone 15, iPhone 15 Plus, iPhone 15 Pro, iPhone 15 Pro Max, <strong>iPhone 16, iPhone 16 Plus, iPhone 16 Pro, iPhone 16 Pro Max, iPhone 17, iPhone 17 Pro, iPhone 17 Pro Max,<\/strong> iPhone 6, iPhone 6 Plus, iPhone 6S, iPhone 6S Plus, iPhone 7, iPhone 7 Plus, iPhone 8, iPhone 8 Plus, iPhone SE(2020\/2022\uff09, iPhone X, iPhone XR, iPhone XS, iPhone XS Max<\/p>\n<p>SAMSUNG<br \/>\n9TS22, A12, A15, A15-5G, A20E, A21S, A22 5G, A23, A32, A40, A40S, A5, A50, A50S, A51, A52, A52S, A535G, A54, A55, A55-5G, A60, A6S, A70, A71, A72, A73, A750, A8+, A80, A8S, A9S, Note 10 lite, Note 10+, Note 20, Note 20 Ultra 5G, Note 3, Note10, Note8, Note9, S10, S10+, S10E, S20, S20 FE, S20 ULTRA, S20+, S21, S21 FE, S21 <strong>ULTRA, S21+, S22, S22 ULTRA, S22+, S23, S23 FE, S23 ULTRA, S23+, S24, S24 FE, S24 ULTRA, S24+, S25, S25 Slim, S25 Ultra<\/strong>, <strong>S25+<\/strong>, S6, S7, S8, S8+, S9, S9+<\/p>\n<p>&#8212; ASUS &#8212;<br \/>\nRog Phone II, Zenfone 10, Zenfone 8, Zenfone 9<\/p>\n<p>&#8212; GOOGLE &#8212;<br \/>\nPixel 10, Pixel 10 Pro, Pixel 10 Pro XL, Pixel 2, Pixel 2 XL, Pixel 3, Pixel 3 XL, Pixel 3a, Pixel 3a XL, Pixel 4, Pixel 4 XL, Pixel 4a, Pixel 4a 5G, Pixel 5, Pixel 5a 5G, Pixel 6, Pixel 6 Pro, Pixel 6 a, Pixel 7, Pixel 7 Pro, Pixel 7 a, Pixel 8, Pixel 8 Pro, Pixel 8 a, Pixel 9 Pro, Pixel 9 Pro XL, Pixel 9A , Pixel9<\/p>\n<p>&#8212; HONOR &#8212;<br \/>\n70, 70 Lite, 70 Pro, 70 Pro+, 80, 80 GT, 80 Pro, 80 SE, 90, 90 GT, 90 Lite, 90 Pro, 90 Smart, A7b 5G, Magic, Magic 2, Magic 3, Magic 3 Pro, Magic 3 Pro+, Magic 4, Magic 4 Lite, Magic 4 Pro, Magic 4 Ultimate, Magic 5, Magic 5 Lite, Magic 5 Pro, Magic 5 Ultimate, Magic 6, Magic 6 Lite, Magic 6 Pro, Magic 6 RSR Porsche Design, Magic 7, Magic 7 Pro, PLAY 5T Youth, PLAY 6C, PLAY 7T, PLAY 7T PRO, PLAY 8T, X5 Plus, X5b Plus, X6, X60, X60 Pro, X6a, X6b, X7, X7a, X7b, X7c, X8, X8a, X8b, X9 5G, X9b, X9c<\/p>\n<p>&#8212; HUAWEI &#8212;<br \/>\nMate 10, Mate 10 Pro, Mate 20, Mate 20 Pro, Mate 20 RS, Mate 30, Mate 30 Pro, Mate 30 RS, Mate 40, Mate 40 Pro, Mate 40 Pro+, Mate 40 RS, Mate 50, Mate 50 Pro, Mate 50 RS, Mate 60, Mate 60 Pro, Mate 60 Pro+, Mate 70, Mate 70 Pro, Mate 70 Pro+, Mate 70 RS Ultimate, Mate 9, Mate 9 Pro, Mate RS, Mate20 X, Nova 10, Nova 10 Pro, Nova 10 SE, Nova 10 Youth, Nova 10z, Nova 11 i, Nova 11 Pro, Nova 11 SE, Nova 11 Ultra, Nova 12, Nova 12 Pro, Nova 12 S, Nova 13, Nova 13 Pro, Nova 14, Nova 14 Pro, Nova 14 Ultra, P30, P30 Lite, P30 Pro, P40, P40 Lite, P40 Pro, P40 Pro+, P40 lite 5G, P50, P50 POCKET, P50 Pro, Pura 70, Pura 70 Pro, Pura 80<\/p>\n<p>&#8212; IQOO &#8212;<br \/>\n10, 10 Pro, 11, 11 Pro, 11S, 12, 12 Pro, 13, 3, 5, 5 Pro, 7, 8, 8 Pro, 9, NEO 8 PRO, NEO7, NEO7 SE, Neo 10 R, Neo 5S, Neo 6SE, Neo 8, Neo 9PRO, Neo6, iQOO Z7, iQOO Z7 Pro, iQOO Z7X, iQOO Z9, iQOO Z9 Lite, iQOO Z9 S, iQOO Z9 S Pro, iQOO Z9 Turbo, iQOO Z9 Turbo +, iQOO Z9X<\/p>\n<p>&#8212; LG &#8212;<br \/>\nG7 ThinQ, G8S, V30, V30+, V60 ThinQ 5G, Velvet<\/p>\n<p>&#8212; MEIZU &#8212;<br \/>\n16, 16+, 16S, 16S Pro, 16T, 17, 17 Pro, 18, 18 Pro, 18S, 18S Pro, 18X, 20, 20 Pro<\/p>\n<p>&#8212; ONEPLUS &#8212;<br \/>\n10, 10 Pro, 10R150W, 11, 11R, 12, 12R, 13, 6, 6 T McLaren, 6T, 7, 7 Pro, 7T, 7T Pro, 7TPro 5G Mclaren, 8, 8 Pro, 8-5G UW, 8T, 9, 9 Pro, 9E, 9R, 9RT-5G, ACE 2V, ACE 3, ACE 3 Pro, ACE 3V, ACE Pro, ACE2, N10-5G, Nord 2 5G, Nord 3, Nord 4, Nord CE 2 Lite 5G, Nord CE 3 Lite, Nord CE 4, Nord CE 4 Lite, Nord CE 5G, Nord CE3, Nord N200-5G<\/p>\n<p>&#8212; OPPO &#8212;<br \/>\n11, 11F, 11 Pro -5G, 12, 12F, 12F-4G, 12 Pro, 13, 13 Pro, A56, A74-5G, A92S, A93, A93-5G, A93S, A94-5G, A95, A96, A97, Find N3 Flip, N2 Flip, Pro, R15, R15 Pro, R15X, R17, R17 Pro, RX17 Neo, Realme 8, Realme 9 pro+, X, X2, X2 Pro, X3, X3 Neo, X3 Pro, X5, X5 Pro, X6, X7, X8, X8 Pro, X8 Ultra, X9, X9 Pro<\/p>\n<p>&#8212; REALME &#8212;<br \/>\nGT 5 240W, GT 5G, GT 6, GT 6T, GT Explorer Master, GT Master, GT Neo 3 150W, GT Neo 3T, GT Neo 5, GT Neo 5 240W, GT Neo2, GT Neo3, GT Neo5 SE, GT Neo6, GT Neo6 SE, GT2, GT2 Pro, GT3, GT5, GT5 Pro, GT7 Pro, Note 50, Note 60<\/p>\n<p>&#8212; SONY &#8212;<br \/>\nXperia 1, Xperia 1 II, Xperia 1 III, Xperia 1 IV, Xperia 1 V, Xperia 1 VI, Xperia 10 VI, Xperia 10II, Xperia 5, Xperia 5 III, Xperia 5 V, Xperia Pro-I<\/p>\n<p>&#8212; VIVO &#8212;<br \/>\nNex, Nex 3, Nex 3S, S15, S15 PRO, S16, S16 PRO, S16E, S17, S17 PRO, S17E, S20, S20 Pro, T1, T1 X, X Flip, X NOTE, X100, X100 Pro, X100S, X100S Pro, X20, X200, X200 Pro, X200 Pro mini, X200S, X21, X23, X27, X27 Pro, X27S, X30, X30 Pro, X300, X50, X50 Pro, X50 Pro+, X51 5G, X60, X60 Pro, X60 Pro+, X60S, X70, X70 Pro, X70 Pro+, X80, X80 Lite, X80 Pro, X90, X90 Pro, X90S, Y100, Y200, Y200 GT, Y200 Pro, Y200 e, Y200T, Y300, Y300 (China), Y300 Plus , Y300 Pro<\/p>\n<p>&#8212; XIAOMI &#8212;<br \/>\n10, 10 Pro, 10S, 11, 11 Pro, 11 Ultra, 11T, 11T Pro +, 11i, 11R, 11SE, 12, 12 Pro, 12 T, 12 Turbo, 12 Ultra, 12 X, 12 Pro+, 12S, 12T Pro, 13, 13 PRO, 14, 14 Pro, 14T Pro, 15, 15 Pro , 8, 8SE, 9, 9 Pro, 9SE, CC9, CC9 Pro, Civi, Civi 1S, Civi 2, Civi 3, K20, K30, K30 Pro10X, K30S, K30i, K40, K40 Pro, K40 Pro+, K50, K50 Pro, K70, K70 Pro, K70E, K70 ultra, K80, K80 Pro, Note 11, Note 11 Pro, Note 11 Pro +, Note 11T, Note 11T Pro<\/p>\n<p>&#8212; ZTE &#8212;<br \/>\nAxon 40 Ultra, Axon 60, Axon 60 Lite, Axon 60 Ultra, Blade A35, Blade A52, Blade A54, Blade A72, Blade A72 5G, Blade A72s, Blade A73, Blade A73 5G, Blade A75, Blade A75 4G, Blade V40, Blade V40 Design, Blade V40 Vita, Blade V40s, Blade V50, Blade V50 Design 4G, Blade V60 Design, Nubia Focus, Nubia Focus Pro, Nubia Music, Nubia Neo, Nubia Neo 2, Nubia Red Magic 6R, Nubia Red Magic 7 Pro, Nubia Red Magic 8 Pro, Nubia Red Magic 8 Pro +, Nubia Red Magic 8S Pro, Nubia Red Magic 8S Pro +, Nubia Red Magic 9 Pro, Nubia Red Magic 9 Pro +, Nubia Red Magic 9S Pro, Nubia Red Magic 9S Pro +, Nubia Z40 Pro, Nubia Z50, Nubia Z50 Ultra, Nubia Z50S Pro, Nubia Z60 Ultra, Nubia Z60 Ultra Leading, Voyage 3D<\/p>\n","protected":false},"excerpt":{"rendered":"<p><strong>DIVEVOLK Adapter (Case) SeaTouch 4 Max PLUS<\/strong> \u2013 Wykonany w technologii druku 3D<\/p>\n<p><strong>UWAGA!<\/strong><br \/>\nProdukt dost\u0119pny na zam\u00f3wienie. Czas realizacji wynosi 1-2 dni robocze. Produkt jest wykonany na zam\u00f3wienie Klienta i indywidualnie konfigurowany przez Zamawiaj\u0105cego. Brak mo\u017cliwo\u015bci zwrotu lub wymiany!<\/p>\n<p><strong>Nie znalaz\u0142e\u015b swojego modelu telefonu? Skontaktuj si\u0119 z nami \u2013 napisz lub zadzwo\u0144, a sprawdzimy, czy jeste\u015bmy w stanie wydrukowa\u0107 adapter dostosowany do Twojego modelu.<\/strong><\/p>\n<style>\n  .df-helper-banner {\n    background: linear-gradient(135deg, #f0f8fc 0%, #e0f2f9 100%);\n    border-left: 5px solid #007cba;\n    border-radius: 8px;\n    padding: 20px;\n    margin: 25px 0;\n    display: flex;\n    align-items: center;\n    justify-content: space-between;\n    gap: 20px;\n    box-shadow: 0 2px 10px rgba(0,0,0,0.05);\n    font-family: sans-serif;\n    box-sizing: border-box; \/* Zapobiega wychodzeniu poza ekran *\/\n    width: 100%;\n  }\n  .df-helper-content {\n    flex: 1; \/* Tekst zajmuje dost\u0119pne miejsce *\/\n  }\n  .df-helper-title {\n    margin: 0 0 8px 0 !important;\n    font-size: 18px !important;\n    font-weight: bold;\n    color: #222;\n    line-height: 1.3;\n  }\n  .df-helper-text {\n    margin: 0 !important;\n    font-size: 14px;\n    color: #555;\n    line-height: 1.5;\n  }\n  .df-helper-btn-wrapper {\n    flex-shrink: 0; \/* Blokuje kurczenie si\u0119 przycisku na PC *\/\n  }\n  .df-helper-btn {\n    background-color: #007cba;\n    color: #ffffff !important;\n    text-decoration: none !important;\n    padding: 12px 24px;\n    border-radius: 6px;\n    font-weight: bold;\n    font-size: 15px;\n    transition: background-color 0.3s, transform 0.2s;\n    display: inline-block;\n    box-shadow: 0 2px 5px rgba(0, 124, 186, 0.3);\n    box-sizing: border-box;\n    text-align: center;\n  }\n  .df-helper-btn:hover {\n    background-color: #005a87;\n    transform: translateY(-2px);\n  }<\/p>\n<p>  \/* Responsywno\u015b\u0107 dla telefon\u00f3w *\/\n  @media (max-width: 650px) {\n    .df-helper-banner {\n      flex-direction: column;\n      text-align: center;\n      align-items: stretch; \/* Rozci\u0105ga dzieci do pe\u0142nej szeroko\u015bci *\/\n      padding: 20px 15px;\n    }\n    .df-helper-btn-wrapper {\n      width: 100%;\n      margin-top: 5px;\n    }\n    .df-helper-btn {\n      width: 100%; \/* Pe\u0142na szeroko\u015b\u0107 tylko wewn\u0105trz ramki *\/\n      display: block;\n    }\n  }\n<\/style>\n<div class=\"df-helper-banner\">\n<div class=\"df-helper-content\">\n<h4 class=\"df-helper-title\">Nie wiesz, czy ten adapter pasuje do Twojej obudowy?<\/h4>\n<p class=\"df-helper-text\">Uniknij pomy\u0142ki! Skorzystaj z naszego konfiguratora i w 2 klikni\u0119ciach dobierz idealny wk\u0142ad do swojego telefonu.<\/p>\n<\/p><\/div>\n<div class=\"df-helper-btn-wrapper\">\n    <a href=\"\/sklep\/dobierz-adapter-divevolk\/\" class=\"df-helper-btn\">Dobierz adapter<\/a>\n  <\/div>\n<\/div>\n","protected":false},"featured_media":2667,"comment_status":"open","ping_status":"closed","template":"","meta":[],"product_brand":[],"product_cat":[133],"product_tag":[],"class_list":{"0":"post-2636","1":"product","2":"type-product","3":"status-publish","4":"has-post-thumbnail","6":"product_cat-divevolk","8":"first","9":"instock","10":"shipping-taxable","11":"purchasable","12":"product-type-simple"},"yoast_head":"<!-- This site is optimized with the Yoast SEO plugin v27.3 - https:\/\/yoast.com\/product\/yoast-seo-wordpress\/ -->\n<title>Ramka adapter do obudowy DIVEVOLK SeaTouch 4 Max dla iPhone 16 PRO<\/title>\n<meta name=\"description\" content=\"Ramka DIVEVOLK SeaTouch 4 Max \u2013 Adapter Case dla iPhone. Idealne dopasowanie i ochrona pod wod\u0105 dla modeli iPhone 13 14 15 16 PRO\" \/>\n<meta name=\"robots\" content=\"index, follow, max-snippet:-1, max-image-preview:large, max-video-preview:-1\" \/>\n<link rel=\"canonical\" href=\"https:\/\/drukujemy3d.pl\/sklep\/produkt\/divevolk\/dedykowana-ramka-adapter-do-obudowy-podwodnej-seatouch-4-max-plus\/\" \/>\n<meta property=\"og:locale\" content=\"pl_PL\" \/>\n<meta property=\"og:type\" content=\"article\" \/>\n<meta property=\"og:title\" content=\"Ramka adapter do obudowy DIVEVOLK SeaTouch 4 Max dla iPhone 16 PRO\" \/>\n<meta property=\"og:description\" content=\"Ramka DIVEVOLK SeaTouch 4 Max \u2013 Adapter Case dla iPhone. Idealne dopasowanie i ochrona pod wod\u0105 dla modeli iPhone 13 14 15 16 PRO\" \/>\n<meta property=\"og:url\" content=\"https:\/\/drukujemy3d.pl\/sklep\/produkt\/divevolk\/dedykowana-ramka-adapter-do-obudowy-podwodnej-seatouch-4-max-plus\/\" \/>\n<meta property=\"og:site_name\" content=\"SKLEP Drukujemy3D.pl\" \/>\n<meta property=\"article:modified_time\" content=\"2026-04-01T08:37:18+00:00\" \/>\n<meta property=\"og:image\" content=\"https:\/\/drukujemy3d.pl\/sklep\/wp-content\/uploads\/2025\/11\/2025-11-10_16-44-52-1.webp\" \/>\n\t<meta property=\"og:image:width\" content=\"1176\" \/>\n\t<meta property=\"og:image:height\" content=\"900\" \/>\n\t<meta property=\"og:image:type\" content=\"image\/webp\" \/>\n<meta name=\"twitter:card\" content=\"summary_large_image\" \/>\n<meta name=\"twitter:label1\" content=\"Szacowany czas czytania\" \/>\n\t<meta name=\"twitter:data1\" content=\"8 minut\" \/>\n<!-- \/ Yoast SEO plugin. -->","yoast_head_json":{"title":"Ramka adapter do obudowy DIVEVOLK SeaTouch 4 Max dla iPhone 16 PRO","description":"Ramka DIVEVOLK SeaTouch 4 Max \u2013 Adapter Case dla iPhone. Idealne dopasowanie i ochrona pod wod\u0105 dla modeli iPhone 13 14 15 16 PRO","robots":{"index":"index","follow":"follow","max-snippet":"max-snippet:-1","max-image-preview":"max-image-preview:large","max-video-preview":"max-video-preview:-1"},"canonical":"https:\/\/drukujemy3d.pl\/sklep\/produkt\/divevolk\/dedykowana-ramka-adapter-do-obudowy-podwodnej-seatouch-4-max-plus\/","og_locale":"pl_PL","og_type":"article","og_title":"Ramka adapter do obudowy DIVEVOLK SeaTouch 4 Max dla iPhone 16 PRO","og_description":"Ramka DIVEVOLK SeaTouch 4 Max \u2013 Adapter Case dla iPhone. Idealne dopasowanie i ochrona pod wod\u0105 dla modeli iPhone 13 14 15 16 PRO","og_url":"https:\/\/drukujemy3d.pl\/sklep\/produkt\/divevolk\/dedykowana-ramka-adapter-do-obudowy-podwodnej-seatouch-4-max-plus\/","og_site_name":"SKLEP Drukujemy3D.pl","article_modified_time":"2026-04-01T08:37:18+00:00","og_image":[{"width":1176,"height":900,"url":"https:\/\/drukujemy3d.pl\/sklep\/wp-content\/uploads\/2025\/11\/2025-11-10_16-44-52-1.webp","type":"image\/webp"}],"twitter_card":"summary_large_image","twitter_misc":{"Szacowany czas czytania":"8 minut"},"schema":{"@context":"https:\/\/schema.org","@graph":[{"@type":"WebPage","@id":"https:\/\/drukujemy3d.pl\/sklep\/produkt\/divevolk\/dedykowana-ramka-adapter-do-obudowy-podwodnej-seatouch-4-max-plus\/","url":"https:\/\/drukujemy3d.pl\/sklep\/produkt\/divevolk\/dedykowana-ramka-adapter-do-obudowy-podwodnej-seatouch-4-max-plus\/","name":"Ramka adapter do obudowy DIVEVOLK SeaTouch 4 Max dla iPhone 16 PRO","isPartOf":{"@id":"https:\/\/drukujemy3d.pl\/sklep\/#website"},"primaryImageOfPage":{"@id":"https:\/\/drukujemy3d.pl\/sklep\/produkt\/divevolk\/dedykowana-ramka-adapter-do-obudowy-podwodnej-seatouch-4-max-plus\/#primaryimage"},"image":{"@id":"https:\/\/drukujemy3d.pl\/sklep\/produkt\/divevolk\/dedykowana-ramka-adapter-do-obudowy-podwodnej-seatouch-4-max-plus\/#primaryimage"},"thumbnailUrl":"https:\/\/drukujemy3d.pl\/sklep\/wp-content\/uploads\/2025\/11\/2025-11-10_16-44-52-1.webp","datePublished":"2025-11-10T15:45:39+00:00","dateModified":"2026-04-01T08:37:18+00:00","description":"Ramka DIVEVOLK SeaTouch 4 Max \u2013 Adapter Case dla iPhone. Idealne dopasowanie i ochrona pod wod\u0105 dla modeli iPhone 13 14 15 16 PRO","breadcrumb":{"@id":"https:\/\/drukujemy3d.pl\/sklep\/produkt\/divevolk\/dedykowana-ramka-adapter-do-obudowy-podwodnej-seatouch-4-max-plus\/#breadcrumb"},"inLanguage":"pl-PL","potentialAction":[{"@type":"ReadAction","target":["https:\/\/drukujemy3d.pl\/sklep\/produkt\/divevolk\/dedykowana-ramka-adapter-do-obudowy-podwodnej-seatouch-4-max-plus\/"]}]},{"@type":"ImageObject","inLanguage":"pl-PL","@id":"https:\/\/drukujemy3d.pl\/sklep\/produkt\/divevolk\/dedykowana-ramka-adapter-do-obudowy-podwodnej-seatouch-4-max-plus\/#primaryimage","url":"https:\/\/drukujemy3d.pl\/sklep\/wp-content\/uploads\/2025\/11\/2025-11-10_16-44-52-1.webp","contentUrl":"https:\/\/drukujemy3d.pl\/sklep\/wp-content\/uploads\/2025\/11\/2025-11-10_16-44-52-1.webp","width":1176,"height":900},{"@type":"BreadcrumbList","@id":"https:\/\/drukujemy3d.pl\/sklep\/produkt\/divevolk\/dedykowana-ramka-adapter-do-obudowy-podwodnej-seatouch-4-max-plus\/#breadcrumb","itemListElement":[{"@type":"ListItem","position":1,"name":"Strona g\u0142\u00f3wna","item":"https:\/\/drukujemy3d.pl\/sklep\/"},{"@type":"ListItem","position":2,"name":"Produkty","item":"https:\/\/drukujemy3d.pl\/sklep\/"},{"@type":"ListItem","position":3,"name":"Dedykowana Ramka \/ Adapter do Obudowy Podwodnej SeaTouch 4 Max Plus"}]},{"@type":"WebSite","@id":"https:\/\/drukujemy3d.pl\/sklep\/#website","url":"https:\/\/drukujemy3d.pl\/sklep\/","name":"SKLEP Drukujemy3D.pl","description":"","publisher":{"@id":"https:\/\/drukujemy3d.pl\/sklep\/#organization"},"potentialAction":[{"@type":"SearchAction","target":{"@type":"EntryPoint","urlTemplate":"https:\/\/drukujemy3d.pl\/sklep\/?s={search_term_string}"},"query-input":{"@type":"PropertyValueSpecification","valueRequired":true,"valueName":"search_term_string"}}],"inLanguage":"pl-PL"},{"@type":"Organization","@id":"https:\/\/drukujemy3d.pl\/sklep\/#organization","name":"SKLEP Drukujemy3D.pl","url":"https:\/\/drukujemy3d.pl\/sklep\/","logo":{"@type":"ImageObject","inLanguage":"pl-PL","@id":"https:\/\/drukujemy3d.pl\/sklep\/#\/schema\/logo\/image\/","url":"https:\/\/drukujemy3d.pl\/sklep\/wp-content\/uploads\/2024\/11\/Drukujemy3D.pl_-e1707771007901-2.png","contentUrl":"https:\/\/drukujemy3d.pl\/sklep\/wp-content\/uploads\/2024\/11\/Drukujemy3D.pl_-e1707771007901-2.png","width":476,"height":67,"caption":"SKLEP Drukujemy3D.pl"},"image":{"@id":"https:\/\/drukujemy3d.pl\/sklep\/#\/schema\/logo\/image\/"}}]}},"_links":{"self":[{"href":"https:\/\/drukujemy3d.pl\/sklep\/wp-json\/wp\/v2\/product\/2636","targetHints":{"allow":["GET"]}}],"collection":[{"href":"https:\/\/drukujemy3d.pl\/sklep\/wp-json\/wp\/v2\/product"}],"about":[{"href":"https:\/\/drukujemy3d.pl\/sklep\/wp-json\/wp\/v2\/types\/product"}],"replies":[{"embeddable":true,"href":"https:\/\/drukujemy3d.pl\/sklep\/wp-json\/wp\/v2\/comments?post=2636"}],"wp:featuredmedia":[{"embeddable":true,"href":"https:\/\/drukujemy3d.pl\/sklep\/wp-json\/wp\/v2\/media\/2667"}],"wp:attachment":[{"href":"https:\/\/drukujemy3d.pl\/sklep\/wp-json\/wp\/v2\/media?parent=2636"}],"wp:term":[{"taxonomy":"product_brand","embeddable":true,"href":"https:\/\/drukujemy3d.pl\/sklep\/wp-json\/wp\/v2\/product_brand?post=2636"},{"taxonomy":"product_cat","embeddable":true,"href":"https:\/\/drukujemy3d.pl\/sklep\/wp-json\/wp\/v2\/product_cat?post=2636"},{"taxonomy":"product_tag","embeddable":true,"href":"https:\/\/drukujemy3d.pl\/sklep\/wp-json\/wp\/v2\/product_tag?post=2636"}],"curies":[{"name":"wp","href":"https:\/\/api.w.org\/{rel}","templated":true}]}}